{"id":33,"date":"2023-03-22T06:57:32","date_gmt":"2023-03-22T06:57:32","guid":{"rendered":"https:\/\/press.stdiis.net\/stdiis\/?page_id=33"},"modified":"2024-02-01T00:54:14","modified_gmt":"2024-02-01T00:54:14","slug":"tentang-kami","status":"publish","type":"page","link":"https:\/\/press.stdiis.net\/stdiis\/tentang-kami\/","title":{"rendered":"Tentang Kami"},"content":{"rendered":"<p><strong><br>PROFIL STDIIS PRESS<\/strong><\/p><p>Sesungguhnya segala puji bagi Allah. Kami\u00a0memuji-Nya, meminta pertolongan kepada-Nya dan memohon ampun kepada-Nya. Kami berlindung kepada Allah dari kejahatan diri kami dan\u00a0dari\u00a0keburukan amal kami.\u00a0Shalawat dan salam semoga senantiasa tercurahkan kepada Nabi kita Muh<a href=\"http:\/\/shahnameh-audio.com\/nike-boty-kotn%C3%ADkov%C3%A9-%C4%8Derven%C3%A9-k.html\"><strong>nike boty kotn\u00edkov\u00e9 \u010derven\u00e9<\/strong><\/a> <a href=\"http:\/\/teamsjerseycollege.com\"><strong>andre johnson houston texans jersey<\/strong><\/a> <a href=\"http:\/\/technikaokienna.com\/lagan-g%C3%A1z-f%C5%91z%C5%91lap-k.html\"><strong>lagan g\u00e1z f\u0151z\u0151lap<\/strong><\/a> <a href=\"http:\/\/swap.saydaleyatkw.com\/content\/nike-zoom-structure-21-black-k.html\"><strong>nike zoom structure 21 black<\/strong><\/a> <a href=\"http:\/\/talent-direct.co\/honor-9-lite-vs-samsung-s6-edge-k.html\"><strong>honor 9 lite vs samsung s6 edge<\/strong><\/a> <a href=\"http:\/\/motorunoil.com\/content\/sneakers-%C3%A0-scratch-femme-k.html\"><strong>sneakers \u00e0 scratch femme<\/strong><\/a> <a href=\"https:\/\/sophyasassistedliving.com\/bakugou-uniforme-ua-k.html\"><strong>bakugou uniforme ua<\/strong><\/a> <a href=\"http:\/\/valveskourosh.com\/tamini-tasche-k.html\"><strong>tamini tasche<\/strong><\/a> <a href=\"https:\/\/whatislyme.com\/prada-schuhe-2017-k.html\"><strong>prada schuhe 2017<\/strong><\/a> <a href=\"https:\/\/jksupport.nl\/haibike-7.5-allmtn-k.html\"><strong>haibike 7.5 allmtn<\/strong><\/a> <a href=\"http:\/\/topcollegeshops.com\"><strong>houston texans andre johnson jersey<\/strong><\/a> <a href=\"https:\/\/bardianasaj.com\/content\/costumi-carnevale-brasiliano-k.html\"><strong>costumi carnevale brasiliano<\/strong><\/a> <a href=\"http:\/\/lsuproshops.com\/\"><strong>lsu store<\/strong><\/a> <a href=\"http:\/\/ecgh.citservices.net\/content\/reebok-osuska-gros-fitness-k.html\"><strong>reebok osuska gros fitness<\/strong><\/a> <a href=\"http:\/\/viewcollegeteam.net\/\"><strong>college football store<\/strong><\/a>mmad, keluarganya, para Sahabatnya dan orang-orang yang mengikuti mereka dengan baik.<\/p><p>STDIIS PRESS merupakan penerbit yang didirikan oleh Sekolah Tinggi Dirasat Islamiyah Imam Syafi&#8217;i Jember yang bergerak di bidang pendidikan dalam bidang keagamaan. STDIIS PRESS menerbitkan buku-buku Islami dari berbagai macam bidang ilmu Islam diantaranya Akidah, Fikih, Hadits, Tafsir, Bahasa Arab, dan lainnya. Buku-buku tersebut dicetak dengan hardcover atau softcover.<\/p><p>Semoga kehadirat STDIIS PRESS dapat memberikan kontribusi besar dalam menambah khazanah ilmu masyarakat dan kaum muslimin.<\/p>","protected":false},"excerpt":{"rendered":"<p>PROFIL STDIIS PRESS Sesungguhnya segala puji bagi Allah. Kami\u00a0memuji-Nya, meminta pertolongan kepada-Nya dan memohon ampun kepada-Nya. Kami berlindung kepada Allah dari kejahatan diri kami dan\u00a0dari\u00a0keburukan amal kami.\u00a0Shalawat dan salam semoga senantiasa tercurahkan kepada Nabi kita Muhnike boty kotn\u00edkov\u00e9 \u010derven\u00e9 andre johnson houston texans jersey lagan g\u00e1z f\u0151z\u0151lap nike zoom structure 21 black honor 9 lite [&hellip;]<\/p>\n","protected":false},"author":2,"featured_media":0,"parent":0,"menu_order":0,"comment_status":"closed","ping_status":"closed","template":"","meta":{"ocean_post_layout":"","ocean_both_sidebars_style":"","ocean_both_sidebars_content_width":0,"ocean_both_sidebars_sidebars_width":0,"ocean_sidebar":"0","ocean_second_sidebar":"0","ocean_disable_margins":"enable","ocean_add_body_class":"","ocean_shortcode_before_top_bar":"","ocean_shortcode_after_top_bar":"","ocean_shortcode_before_header":"","ocean_shortcode_after_header":"","ocean_has_shortcode":"","ocean_shortcode_after_title":"","ocean_shortcode_before_footer_widgets":"","ocean_shortcode_after_footer_widgets":"","ocean_shortcode_before_footer_bottom":"","ocean_shortcode_after_footer_bottom":"","ocean_display_top_bar":"default","ocean_display_header":"default","ocean_header_style":"","ocean_center_header_left_menu":"0","ocean_custom_header_template":"0","ocean_custom_logo":0,"ocean_custom_retina_logo":0,"ocean_custom_logo_max_width":0,"ocean_custom_logo_tablet_max_width":0,"ocean_custom_logo_mobile_max_width":0,"ocean_custom_logo_max_height":0,"ocean_custom_logo_tablet_max_height":0,"ocean_custom_logo_mobile_max_height":0,"ocean_header_custom_menu":"0","ocean_menu_typo_font_family":"0","ocean_menu_typo_font_subset":"","ocean_menu_typo_font_size":0,"ocean_menu_typo_font_size_tablet":0,"ocean_menu_typo_font_size_mobile":0,"ocean_menu_typo_font_size_unit":"px","ocean_menu_typo_font_weight":"","ocean_menu_typo_font_weight_tablet":"","ocean_menu_typo_font_weight_mobile":"","ocean_menu_typo_transform":"","ocean_menu_typo_transform_tablet":"","ocean_menu_typo_transform_mobile":"","ocean_menu_typo_line_height":0,"ocean_menu_typo_line_height_tablet":0,"ocean_menu_typo_line_height_mobile":0,"ocean_menu_typo_line_height_unit":"","ocean_menu_typo_spacing":0,"ocean_menu_typo_spacing_tablet":0,"ocean_menu_typo_spacing_mobile":0,"ocean_menu_typo_spacing_unit":"","ocean_menu_link_color":"","ocean_menu_link_color_hover":"","ocean_menu_link_color_active":"","ocean_menu_link_background":"","ocean_menu_link_hover_background":"","ocean_menu_link_active_background":"","ocean_menu_social_links_bg":"","ocean_menu_social_hover_links_bg":"","ocean_menu_social_links_color":"","ocean_menu_social_hover_links_color":"","ocean_disable_title":"default","ocean_disable_heading":"default","ocean_post_title":"","ocean_post_subheading":"","ocean_post_title_style":"","ocean_post_title_background_color":"","ocean_post_title_background":0,"ocean_post_title_bg_image_position":"","ocean_post_title_bg_image_attachment":"","ocean_post_title_bg_image_repeat":"","ocean_post_title_bg_image_size":"","ocean_post_title_height":0,"ocean_post_title_bg_overlay":0.5,"ocean_post_title_bg_overlay_color":"","ocean_disable_breadcrumbs":"default","ocean_breadcrumbs_color":"","ocean_breadcrumbs_separator_color":"","ocean_breadcrumbs_links_color":"","ocean_breadcrumbs_links_hover_color":"","ocean_display_footer_widgets":"default","ocean_display_footer_bottom":"default","ocean_custom_footer_template":"0","footnotes":""},"class_list":["post-33","page","type-page","status-publish","hentry","entry","owp-thumbs-layout-horizontal","owp-btn-normal","owp-tabs-layout-horizontal","has-no-thumbnails","has-product-nav"],"_links":{"self":[{"href":"https:\/\/press.stdiis.net\/stdiis\/wp-json\/wp\/v2\/pages\/33"}],"collection":[{"href":"https:\/\/press.stdiis.net\/stdiis\/wp-json\/wp\/v2\/pages"}],"about":[{"href":"https:\/\/press.stdiis.net\/stdiis\/wp-json\/wp\/v2\/types\/page"}],"author":[{"embeddable":true,"href":"https:\/\/press.stdiis.net\/stdiis\/wp-json\/wp\/v2\/users\/2"}],"replies":[{"embeddable":true,"href":"https:\/\/press.stdiis.net\/stdiis\/wp-json\/wp\/v2\/comments?post=33"}],"version-history":[{"count":4,"href":"https:\/\/press.stdiis.net\/stdiis\/wp-json\/wp\/v2\/pages\/33\/revisions"}],"predecessor-version":[{"id":113,"href":"https:\/\/press.stdiis.net\/stdiis\/wp-json\/wp\/v2\/pages\/33\/revisions\/113"}],"wp:attachment":[{"href":"https:\/\/press.stdiis.net\/stdiis\/wp-json\/wp\/v2\/media?parent=33"}],"curies":[{"name":"wp","href":"https:\/\/api.w.org\/{rel}","templated":true}]}}